{"id":1771,"date":"2024-11-26T16:54:18","date_gmt":"2024-11-26T16:54:18","guid":{"rendered":"https:\/\/baztangarbera.com\/passer-commande\/"},"modified":"2024-12-26T09:37:46","modified_gmt":"2024-12-26T09:37:46","slug":"passer-commande","status":"publish","type":"page","link":"https:\/\/baztangarbera.com\/fr\/passer-commande\/","title":{"rendered":"Passer commande"},"content":{"rendered":"\t\t<div data-elementor-type=\"wp-page\" data-elementor-id=\"1771\" class=\"elementor elementor-1771 elementor-1714\" data-elementor-post-type=\"page\">\n\t\t\t\t\t\t<section class=\"elementor-section elementor-top-section elementor-element elementor-element-ad5eff2 elementor-section-height-full elementor-section-boxed elementor-section-height-default elementor-section-items-middle wpr-particle-no wpr-jarallax-no wpr-parallax-no wpr-sticky-section-no\" data-id=\"ad5eff2\" data-element_type=\"section\" data-e-type=\"section\" data-settings=\"{&quot;background_background&quot;:&quot;classic&quot;}\">\n\t\t\t\t\t\t<div class=\"elementor-container elementor-column-gap-default\">\n\t\t\t\t\t<div class=\"elementor-column elementor-col-50 elementor-top-column elementor-element elementor-element-e60ff16\" data-id=\"e60ff16\" data-element_type=\"column\" data-e-type=\"column\" data-settings=\"{&quot;background_background&quot;:&quot;classic&quot;}\">\n\t\t\t<div class=\"elementor-widget-wrap elementor-element-populated\">\n\t\t\t\t\t<div class=\"elementor-background-overlay\"><\/div>\n\t\t\t\t\t\t<div class=\"elementor-element elementor-element-113f76b elementor-widget elementor-widget-heading\" data-id=\"113f76b\" data-element_type=\"widget\" data-e-type=\"widget\" data-widget_type=\"heading.default\">\n\t\t\t\t<div class=\"elementor-widget-container\">\n\t\t\t\t\t<h2 class=\"elementor-heading-title elementor-size-default\"><a href=\"https:\/\/baztangarbera.revosolo.works\/baztan-pintxosbar-garbera-para-llevar\/take-away\">Retrait au magasin<\/a><\/h2>\t\t\t\t<\/div>\n\t\t\t\t<\/div>\n\t\t\t\t\t<\/div>\n\t\t<\/div>\n\t\t\t\t<div class=\"elementor-column elementor-col-50 elementor-top-column elementor-element elementor-element-ac96746\" data-id=\"ac96746\" data-element_type=\"column\" data-e-type=\"column\" data-settings=\"{&quot;background_background&quot;:&quot;classic&quot;}\">\n\t\t\t<div class=\"elementor-widget-wrap elementor-element-populated\">\n\t\t\t\t\t<div class=\"elementor-background-overlay\"><\/div>\n\t\t\t\t\t\t<div class=\"elementor-element elementor-element-99a8299 elementor-widget elementor-widget-heading\" data-id=\"99a8299\" data-element_type=\"widget\" data-e-type=\"widget\" data-widget_type=\"heading.default\">\n\t\t\t\t<div class=\"elementor-widget-container\">\n\t\t\t\t\t<h2 class=\"elementor-heading-title elementor-size-default\"><a href=\"https:\/\/glovoapp.com\/es\/es\/san-sebastian\/baztan-pintxosandbar-garbera-donostia-san-sebastian\/\">\u00c0 domicile<\/a><\/h2>\t\t\t\t<\/div>\n\t\t\t\t<\/div>\n\t\t\t\t\t<\/div>\n\t\t<\/div>\n\t\t\t\t\t<\/div>\n\t\t<\/section>\n\t\t\t\t<section class=\"elementor-section elementor-top-section elementor-element elementor-element-1096eb1 elementor-section-boxed elementor-section-height-default elementor-section-height-default wpr-particle-no wpr-jarallax-no wpr-parallax-no wpr-sticky-section-no\" data-id=\"1096eb1\" data-element_type=\"section\" data-e-type=\"section\" data-settings=\"{&quot;background_background&quot;:&quot;classic&quot;}\">\n\t\t\t\t\t\t\t<div class=\"elementor-background-overlay\"><\/div>\n\t\t\t\t\t\t\t<div class=\"elementor-container elementor-column-gap-default\">\n\t\t\t\t\t<div class=\"elementor-column elementor-col-100 elementor-top-column elementor-element elementor-element-c60af4d\" data-id=\"c60af4d\" data-element_type=\"column\" data-e-type=\"column\">\n\t\t\t<div class=\"elementor-widget-wrap elementor-element-populated\">\n\t\t\t\t\t\t<div class=\"elementor-element elementor-element-8328c0a elementor-widget elementor-widget-heading\" data-id=\"8328c0a\" data-element_type=\"widget\" data-e-type=\"widget\" data-widget_type=\"heading.default\">\n\t\t\t\t<div class=\"elementor-widget-container\">\n\t\t\t\t\t<h2 class=\"elementor-heading-title elementor-size-default\">Profitez d'un week-end<br>\u00e0 Perla Etxea<\/h2>\t\t\t\t<\/div>\n\t\t\t\t<\/div>\n\t\t\t\t<div class=\"elementor-element elementor-element-2e2bead elementor-widget elementor-widget-image\" data-id=\"2e2bead\" data-element_type=\"widget\" data-e-type=\"widget\" data-widget_type=\"image.default\">\n\t\t\t\t<div class=\"elementor-widget-container\">\n\t\t\t\t\t\t\t\t\t\t\t\t\t\t\t\t<a href=\"https:\/\/www.perlaetxea.com\/\">\n\t\t\t\t\t\t\t<img fetchpriority=\"high\" decoding=\"async\" width=\"900\" height=\"135\" src=\"https:\/\/baztangarbera.com\/wp-content\/uploads\/2024\/11\/logo-perlaetxea-blanco_Mesa-de-trabajo-1-1024x154.png\" class=\"attachment-large size-large wp-image-1719\" alt=\"\" srcset=\"https:\/\/baztangarbera.com\/wp-content\/uploads\/2024\/11\/logo-perlaetxea-blanco_Mesa-de-trabajo-1-1024x154.png 1024w, https:\/\/baztangarbera.com\/wp-content\/uploads\/2024\/11\/logo-perlaetxea-blanco_Mesa-de-trabajo-1-300x45.png 300w, https:\/\/baztangarbera.com\/wp-content\/uploads\/2024\/11\/logo-perlaetxea-blanco_Mesa-de-trabajo-1-768x116.png 768w, https:\/\/baztangarbera.com\/wp-content\/uploads\/2024\/11\/logo-perlaetxea-blanco_Mesa-de-trabajo-1-1536x232.png 1536w, https:\/\/baztangarbera.com\/wp-content\/uploads\/2024\/11\/logo-perlaetxea-blanco_Mesa-de-trabajo-1-2048x309.png 2048w\" sizes=\"(max-width: 900px) 100vw, 900px\" \/>\t\t\t\t\t\t\t\t<\/a>\n\t\t\t\t\t\t\t\t\t\t\t\t\t\t\t<\/div>\n\t\t\t\t<\/div>\n\t\t\t\t<div class=\"elementor-element elementor-element-940af47 elementor-widget elementor-widget-heading\" data-id=\"940af47\" data-element_type=\"widget\" data-e-type=\"widget\" data-widget_type=\"heading.default\">\n\t\t\t\t<div class=\"elementor-widget-container\">\n\t\t\t\t\t<h2 class=\"elementor-heading-title elementor-size-default\">Participez automatiquement au tirage au sort d'un week-end \u00e0 l'h\u00e9bergement Perla Etxea \u00e0 Elizondo lorsque vous passez une commande par l'interm\u00e9diaire de ce service. <\/h2>\t\t\t\t<\/div>\n\t\t\t\t<\/div>\n\t\t\t\t\t<\/div>\n\t\t<\/div>\n\t\t\t\t\t<\/div>\n\t\t<\/section>\n\t\t\t\t<\/div>\n\t\t","protected":false},"excerpt":{"rendered":"<p>Retrait au magasin \u00c0 domicile Profitez d&#8217;un week-end\u00e0 Perla Etxea Participez automatiquement au tirage au sort d&#8217;un week-end \u00e0 l&#8217;h\u00e9bergement Perla Etxea \u00e0 Elizondo lorsque vous passez une commande par&#8230;<\/p>\n","protected":false},"author":1,"featured_media":0,"parent":0,"menu_order":0,"comment_status":"closed","ping_status":"closed","template":"elementor_header_footer","meta":{"_acf_changed":false,"footnotes":""},"class_list":["post-1771","page","type-page","status-publish","hentry"],"acf":[],"_links":{"self":[{"href":"https:\/\/baztangarbera.com\/fr\/wp-json\/wp\/v2\/pages\/1771","targetHints":{"allow":["GET"]}}],"collection":[{"href":"https:\/\/baztangarbera.com\/fr\/wp-json\/wp\/v2\/pages"}],"about":[{"href":"https:\/\/baztangarbera.com\/fr\/wp-json\/wp\/v2\/types\/page"}],"author":[{"embeddable":true,"href":"https:\/\/baztangarbera.com\/fr\/wp-json\/wp\/v2\/users\/1"}],"replies":[{"embeddable":true,"href":"https:\/\/baztangarbera.com\/fr\/wp-json\/wp\/v2\/comments?post=1771"}],"version-history":[{"count":1,"href":"https:\/\/baztangarbera.com\/fr\/wp-json\/wp\/v2\/pages\/1771\/revisions"}],"predecessor-version":[{"id":1772,"href":"https:\/\/baztangarbera.com\/fr\/wp-json\/wp\/v2\/pages\/1771\/revisions\/1772"}],"wp:attachment":[{"href":"https:\/\/baztangarbera.com\/fr\/wp-json\/wp\/v2\/media?parent=1771"}],"curies":[{"name":"wp","href":"https:\/\/api.w.org\/{rel}","templated":true}]}}