{"id":1541,"date":"2023-01-22T19:42:52","date_gmt":"2023-01-22T19:42:52","guid":{"rendered":"https:\/\/baztangarbera.com\/contact\/"},"modified":"2024-12-26T11:11:52","modified_gmt":"2024-12-26T11:11:52","slug":"contact","status":"publish","type":"page","link":"https:\/\/baztangarbera.com\/fr\/contact\/","title":{"rendered":"Contact"},"content":{"rendered":"\t\t<div data-elementor-type=\"wp-page\" data-elementor-id=\"1541\" class=\"elementor elementor-1541 elementor-104\" data-elementor-post-type=\"page\">\n\t\t\t\t\t\t<section class=\"elementor-section elementor-top-section elementor-element elementor-element-5ec790b0 elementor-section-full_width elementor-section-height-full elementor-section-height-default elementor-section-items-middle wpr-particle-no wpr-jarallax-no wpr-parallax-no wpr-sticky-section-no\" data-id=\"5ec790b0\" data-element_type=\"section\" data-e-type=\"section\">\n\t\t\t\t\t\t<div class=\"elementor-container elementor-column-gap-no\">\n\t\t\t\t\t<div class=\"elementor-column elementor-col-100 elementor-top-column elementor-element elementor-element-48f40201\" data-id=\"48f40201\" data-element_type=\"column\" data-e-type=\"column\">\n\t\t\t<div class=\"elementor-widget-wrap elementor-element-populated\">\n\t\t\t\t\t\t<div class=\"elementor-element elementor-element-3304402b elementor-widget elementor-widget-candore-banner-image\" data-id=\"3304402b\" data-element_type=\"widget\" data-e-type=\"widget\" data-widget_type=\"candore-banner-image.default\">\n\t\t\t\t<div class=\"elementor-widget-container\">\n\t\t\t\t\t\t\t\n\t\t\n\t\t<header class=\"header \">\n        \n            <!-- The opacity on the image is made with \"data-overlay-dark=\"number\". You can change it using the numbers 0-9. -->\n            \t\t\t<div class=\"video-fullscreen-wrap full-height valign bg-img-d bg-fixed\" data-overlay-dark=\"7\" data-background=\"https:\/\/baztangarbera.com\/wp-content\/uploads\/2023\/06\/baztan-slider.png\">\n\t\t\t\t\t\t                <div class=\"v-middle caption overlay \">\n                    <div class=\"container\">\n                        <div class=\"row\">\n                            <div class=\"col-md-12 text-center\">\n                                \t\t\t\t\t\t\t\t<h6 class=\"cd-intro-title-h6\">Donde estamos<\/h6>\n\t\t\t\t\t\t\t\t                                <h1 class=\"cd-intro-title-h1\">\n\t\t\t\t\t\t\t\t\t\t\t\t\t\t\t\t\t\tContacto\t\t\t\t\t\t\t\t\t\t\t\t\t\t\t\t\t\t\t\t\t\t\t\t\t\t\t<span>Vis\u00edtanos<\/span>\n\t\t\t\t\t\t\t\t\t\t\t\t\t\t\t\t\t<\/h4>\n\t\t\t\t\t\t\t\t\t\t\t\t\t\t\t\t                            <\/div>\n\t\t\t\t\t\t<\/div>\n                    <\/div>\n                <\/div>\n\t\t\t            <\/div>\n\t\t\n\t\t\n\t\t\t\t\t\t<!-- arrow down -->\n        <div class=\"arrow bounce text-center\">\n            <a href=\"#info\"  class=\"\"> <i class=\"ti-arrow-down\"><\/i> <\/a>\n        <\/div>\n\t\t\t\t\n    <\/header>\t\t\n\n        \t\t\t\t<\/div>\n\t\t\t\t<\/div>\n\t\t\t\t\t<\/div>\n\t\t<\/div>\n\t\t\t\t\t<\/div>\n\t\t<\/section>\n\t\t\t\t<section class=\"elementor-section elementor-top-section elementor-element elementor-element-30f1978e elementor-section-boxed elementor-section-height-default elementor-section-height-default wpr-particle-no wpr-jarallax-no wpr-parallax-no wpr-sticky-section-no\" data-id=\"30f1978e\" data-element_type=\"section\" data-e-type=\"section\">\n\t\t\t\t\t\t<div class=\"elementor-container elementor-column-gap-default\">\n\t\t\t\t\t<div class=\"elementor-column elementor-col-100 elementor-top-column elementor-element elementor-element-2cebfd9\" data-id=\"2cebfd9\" data-element_type=\"column\" data-e-type=\"column\">\n\t\t\t<div class=\"elementor-widget-wrap elementor-element-populated\">\n\t\t\t\t\t\t<div class=\"elementor-section elementor-inner-section elementor-element elementor-element-7d3b4234 elementor-section-full_width elementor-section-height-default elementor-section-height-default wpr-particle-no wpr-jarallax-no wpr-parallax-no wpr-sticky-section-no\" data-id=\"7d3b4234\" data-element_type=\"section\" data-e-type=\"section\" id=\"info\">\n\t\t\t\t\t\t<div class=\"elementor-container elementor-column-gap-default\">\n\t\t\t\t\t<div class=\"elementor-column elementor-col-33 elementor-inner-column elementor-element elementor-element-341437ac\" data-id=\"341437ac\" data-element_type=\"column\" data-e-type=\"column\">\n\t\t\t<div class=\"elementor-widget-wrap elementor-element-populated\">\n\t\t\t\t\t\t<div class=\"elementor-element elementor-element-2eb3a117 elementor-widget elementor-widget-candore-sec-title\" data-id=\"2eb3a117\" data-element_type=\"widget\" data-e-type=\"widget\" data-widget_type=\"candore-sec-title.default\">\n\t\t\t\t<div class=\"elementor-widget-container\">\n\t\t\t\t\t\t\t<div class=\"section-head mb-0 text-left \">\n\t\t\t\t\t\t<h6 class=\"section-subtitle\">Baztan bar garbera<\/h6>\n\t\t\t\t\t\t            <h5 class=\"section-title\">Estamos En...<\/h5>\n\t\t\t\t\t\t\t\t\t\t\t<\/div>\n\t\t\t\t\t\t<\/div>\n\t\t\t\t<\/div>\n\t\t\t\t<div class=\"elementor-element elementor-element-2c107698 elementor-widget elementor-widget-candore-text-block\" data-id=\"2c107698\" data-element_type=\"widget\" data-e-type=\"widget\" data-widget_type=\"candore-text-block.default\">\n\t\t\t\t<div class=\"elementor-widget-container\">\n\t\t\t\t\t\t\t<div class=\" text-left  candore-text-block\">\r\n\t\t<p>El centro comercial de garbera en Donostia. Podr\u00e9is encontrarnos en la zona de hosteler\u00eda.\u00a0<\/p>\t\t<\/div>\r\n        \t\t\t\t<\/div>\n\t\t\t\t<\/div>\n\t\t\t\t\t<\/div>\n\t\t<\/div>\n\t\t\t\t<div class=\"elementor-column elementor-col-33 elementor-inner-column elementor-element elementor-element-1f2a63dc\" data-id=\"1f2a63dc\" data-element_type=\"column\" data-e-type=\"column\">\n\t\t\t<div class=\"elementor-widget-wrap\">\n\t\t\t\t\t\t\t<\/div>\n\t\t<\/div>\n\t\t\t\t<div class=\"elementor-column elementor-col-33 elementor-inner-column elementor-element elementor-element-30c027d8\" data-id=\"30c027d8\" data-element_type=\"column\" data-e-type=\"column\">\n\t\t\t<div class=\"elementor-widget-wrap elementor-element-populated\">\n\t\t\t\t\t\t<div class=\"elementor-element elementor-element-f0c4d94 elementor-widget elementor-widget-candore-sec-title\" data-id=\"f0c4d94\" data-element_type=\"widget\" data-e-type=\"widget\" data-widget_type=\"candore-sec-title.default\">\n\t\t\t\t<div class=\"elementor-widget-container\">\n\t\t\t\t\t\t\t<div class=\"section-head mb-0 text-left \">\n\t\t\t\t\t\t<h6 class=\"section-subtitle\">REDES SOCIALES<\/h6>\n\t\t\t\t\t\t            <h5 class=\"section-title\">Pod\u00e9is Seguirnos En...<\/h5>\n\t\t\t\t\t\t\t\t\t\t\t<\/div>\n\t\t\t\t\t\t<\/div>\n\t\t\t\t<\/div>\n\t\t\t\t<div class=\"elementor-element elementor-element-d7dc8e5 elementor-view-stacked elementor-widget__width-initial elementor-shape-circle elementor-widget elementor-widget-icon\" data-id=\"d7dc8e5\" data-element_type=\"widget\" data-e-type=\"widget\" data-widget_type=\"icon.default\">\n\t\t\t\t<div class=\"elementor-widget-container\">\n\t\t\t\t\t\t\t<div class=\"elementor-icon-wrapper\">\n\t\t\t<a class=\"elementor-icon\" href=\"https:\/\/www.instagram.com\/baztangarbera\/\" target=\"_blank\" rel=\"nofollow\">\n\t\t\t<i aria-hidden=\"true\" class=\"fab fa-instagram\"><\/i>\t\t\t<\/a>\n\t\t<\/div>\n\t\t\t\t\t\t<\/div>\n\t\t\t\t<\/div>\n\t\t\t\t<div class=\"elementor-element elementor-element-a0f108a elementor-view-stacked elementor-widget__width-initial elementor-shape-circle elementor-widget elementor-widget-icon\" data-id=\"a0f108a\" data-element_type=\"widget\" data-e-type=\"widget\" data-widget_type=\"icon.default\">\n\t\t\t\t<div class=\"elementor-widget-container\">\n\t\t\t\t\t\t\t<div class=\"elementor-icon-wrapper\">\n\t\t\t<div class=\"elementor-icon\">\n\t\t\t<i aria-hidden=\"true\" class=\"fab fa-facebook\"><\/i>\t\t\t<\/div>\n\t\t<\/div>\n\t\t\t\t\t\t<\/div>\n\t\t\t\t<\/div>\n\t\t\t\t\t<\/div>\n\t\t<\/div>\n\t\t\t\t\t<\/div>\n\t\t<\/div>\n\t\t\t\t\t<\/div>\n\t\t<\/div>\n\t\t\t\t\t<\/div>\n\t\t<\/section>\n\t\t\t\t<section class=\"elementor-section elementor-top-section elementor-element elementor-element-a713d05 elementor-section-full_width elementor-section-height-default elementor-section-height-default wpr-particle-no wpr-jarallax-no wpr-parallax-no wpr-sticky-section-no\" data-id=\"a713d05\" data-element_type=\"section\" data-e-type=\"section\">\n\t\t\t\t\t\t<div class=\"elementor-container elementor-column-gap-no\">\n\t\t\t\t\t<div class=\"elementor-column elementor-col-100 elementor-top-column elementor-element elementor-element-9075ade\" data-id=\"9075ade\" data-element_type=\"column\" data-e-type=\"column\">\n\t\t\t<div class=\"elementor-widget-wrap elementor-element-populated\">\n\t\t\t\t\t\t<div class=\"elementor-element elementor-element-8c37d09 elementor-widget elementor-widget-google_maps\" data-id=\"8c37d09\" data-element_type=\"widget\" data-e-type=\"widget\" data-widget_type=\"google_maps.default\">\n\t\t\t\t<div class=\"elementor-widget-container\">\n\t\t\t\t\t\t\t<div class=\"elementor-custom-embed\">\n\t\t\t<iframe loading=\"lazy\"\n\t\t\t\t\tsrc=\"https:\/\/maps.google.com\/maps?q=Baztan%20gabera&#038;t=m&#038;z=12&#038;output=embed&#038;iwloc=near\"\n\t\t\t\t\ttitle=\"Baztan gabera\"\n\t\t\t\t\taria-label=\"Baztan gabera\"\n\t\t\t><\/iframe>\n\t\t<\/div>\n\t\t\t\t\t\t<\/div>\n\t\t\t\t<\/div>\n\t\t\t\t\t<\/div>\n\t\t<\/div>\n\t\t\t\t\t<\/div>\n\t\t<\/section>\n\t\t\t\t<section class=\"elementor-section elementor-top-section elementor-element elementor-element-018983c elementor-section-boxed elementor-section-height-default elementor-section-height-default wpr-particle-no wpr-jarallax-no wpr-parallax-no wpr-sticky-section-no\" data-id=\"018983c\" data-element_type=\"section\" data-e-type=\"section\">\n\t\t\t\t\t\t<div class=\"elementor-container elementor-column-gap-default\">\n\t\t\t\t\t<div class=\"elementor-column elementor-col-100 elementor-top-column elementor-element elementor-element-143674a\" data-id=\"143674a\" data-element_type=\"column\" data-e-type=\"column\">\n\t\t\t<div class=\"elementor-widget-wrap elementor-element-populated\">\n\t\t\t\t\t\t<div class=\"elementor-section elementor-inner-section elementor-element elementor-element-27c4c46 elementor-section-full_width elementor-section-height-default elementor-section-height-default wpr-particle-no wpr-jarallax-no wpr-parallax-no wpr-sticky-section-no\" data-id=\"27c4c46\" data-element_type=\"section\" data-e-type=\"section\">\n\t\t\t\t\t\t<div class=\"elementor-container elementor-column-gap-default\">\n\t\t\t\t\t<div class=\"elementor-column elementor-col-50 elementor-inner-column elementor-element elementor-element-f717098\" data-id=\"f717098\" data-element_type=\"column\" data-e-type=\"column\">\n\t\t\t<div class=\"elementor-widget-wrap elementor-element-populated\">\n\t\t\t\t\t\t<div class=\"elementor-element elementor-element-0422b3a elementor-widget__width-initial elementor-widget elementor-widget-candore-sec-title\" data-id=\"0422b3a\" data-element_type=\"widget\" data-e-type=\"widget\" data-widget_type=\"candore-sec-title.default\">\n\t\t\t\t<div class=\"elementor-widget-container\">\n\t\t\t\t\t\t\t<div class=\"section-head mb-0 text-left \">\n\t\t\t\t\t\t<h6 class=\"section-subtitle\">Descubre Perla Etxea<\/h6>\n\t\t\t\t\t\t            <h5 class=\"section-title\">Descubre el Baztan desde Dentro<\/h5>\n\t\t\t\t\t\t\t\t\t\t\t<\/div>\n\t\t\t\t\t\t<\/div>\n\t\t\t\t<\/div>\n\t\t\t\t<div class=\"elementor-element elementor-element-685bc5f elementor-widget elementor-widget-candore-text-block\" data-id=\"685bc5f\" data-element_type=\"widget\" data-e-type=\"widget\" data-widget_type=\"candore-text-block.default\">\n\t\t\t\t<div class=\"elementor-widget-container\">\n\t\t\t\t\t\t\t<div class=\" text-left  candore-text-block\">\r\n\t\t<p>Despu\u00e9s de disfrutar de una excelente experiencia gastron\u00f3mica en nuestro restaurante Baztan en Donostia, te invitamos a conocer la aut\u00e9ntica esencia del valle de Baztan aloj\u00e1ndote en Perla Etxea. Esta encantadora casa rural, situada en la pintoresca localidad de Elizondo, ofrece habitaciones acogedoras y todas las comodidades modernas. Rodeada de paisajes naturales impresionantes, Perla Etxea es el punto de partida ideal para explorar la rica cultura y gastronom\u00eda de la regi\u00f3n. Ya sea para una escapada en grupo, una aventura al aire libre o unas vacaciones en familia, nuestra casa rural te garantiza una estancia inolvidable en el coraz\u00f3n de Baztan.<\/p><p>\u00a0<\/p>\t\t<\/div>\r\n        \t\t\t\t<\/div>\n\t\t\t\t<\/div>\n\t\t\t\t<div class=\"elementor-element elementor-element-dbcacd2 elementor-widget elementor-widget-candore-button\" data-id=\"dbcacd2\" data-element_type=\"widget\" data-e-type=\"widget\" data-widget_type=\"candore-button.default\">\n\t\t\t\t<div class=\"elementor-widget-container\">\n\t\t\t\t\t\t\t<div class=\"clear text-left\">\n\t\t<a href=\"https:\/\/www.perlaetxea.com\/ \" target=\"_blank\" class=\"button-1 \">Visita la web<span><\/span><\/a>\n\t\t<\/div>\n\t\t\t\t\t\t<\/div>\n\t\t\t\t<\/div>\n\t\t\t\t\t<\/div>\n\t\t<\/div>\n\t\t\t\t<div class=\"elementor-column elementor-col-50 elementor-inner-column elementor-element elementor-element-ad46d58 container\" data-id=\"ad46d58\" data-element_type=\"column\" data-e-type=\"column\">\n\t\t\t<div class=\"elementor-widget-wrap elementor-element-populated\">\n\t\t\t\t\t\t<div class=\"elementor-element elementor-element-dd91df5 imagehover elementor-widget elementor-widget-image\" data-id=\"dd91df5\" data-element_type=\"widget\" data-e-type=\"widget\" data-widget_type=\"image.default\">\n\t\t\t\t<div class=\"elementor-widget-container\">\n\t\t\t\t\t\t\t\t\t\t\t\t\t\t\t\t<a href=\"https:\/\/www.perlaetxea.com\/\" target=\"_blank\">\n\t\t\t\t\t\t\t<img fetchpriority=\"high\" decoding=\"async\" width=\"1080\" height=\"1080\" src=\"https:\/\/baztangarbera.com\/wp-content\/uploads\/2024\/07\/perlaetxea.png\" class=\"attachment-full size-full wp-image-1648\" alt=\"\" srcset=\"https:\/\/baztangarbera.com\/wp-content\/uploads\/2024\/07\/perlaetxea.png 1080w, https:\/\/baztangarbera.com\/wp-content\/uploads\/2024\/07\/perlaetxea-300x300.png 300w, https:\/\/baztangarbera.com\/wp-content\/uploads\/2024\/07\/perlaetxea-1024x1024.png 1024w, https:\/\/baztangarbera.com\/wp-content\/uploads\/2024\/07\/perlaetxea-150x150.png 150w, https:\/\/baztangarbera.com\/wp-content\/uploads\/2024\/07\/perlaetxea-768x768.png 768w, https:\/\/baztangarbera.com\/wp-content\/uploads\/2024\/07\/perlaetxea-400x400.png 400w\" sizes=\"(max-width: 1080px) 100vw, 1080px\" \/>\t\t\t\t\t\t\t\t<\/a>\n\t\t\t\t\t\t\t\t\t\t\t\t\t\t\t<\/div>\n\t\t\t\t<\/div>\n\t\t\t\t\t<\/div>\n\t\t<\/div>\n\t\t\t\t\t<\/div>\n\t\t<\/div>\n\t\t\t\t\t<\/div>\n\t\t<\/div>\n\t\t\t\t\t<\/div>\n\t\t<\/section>\n\t\t\t\t<section class=\"elementor-section elementor-top-section elementor-element elementor-element-50123f6 elementor-section-boxed elementor-section-height-default elementor-section-height-default wpr-particle-no wpr-jarallax-no wpr-parallax-no wpr-sticky-section-no\" data-id=\"50123f6\" data-element_type=\"section\" data-e-type=\"section\" data-settings=\"{&quot;background_background&quot;:&quot;classic&quot;}\">\n\t\t\t\t\t\t\t<div class=\"elementor-background-overlay\"><\/div>\n\t\t\t\t\t\t\t<div class=\"elementor-container elementor-column-gap-default\">\n\t\t\t\t\t<div class=\"elementor-column elementor-col-100 elementor-top-column elementor-element elementor-element-82c0ad7\" data-id=\"82c0ad7\" data-element_type=\"column\" data-e-type=\"column\">\n\t\t\t<div class=\"elementor-widget-wrap elementor-element-populated\">\n\t\t\t\t\t\t<div class=\"elementor-element elementor-element-fcd4f45 elementor-widget elementor-widget-heading\" data-id=\"fcd4f45\" data-element_type=\"widget\" data-e-type=\"widget\" data-widget_type=\"heading.default\">\n\t\t\t\t<div class=\"elementor-widget-container\">\n\t\t\t\t\t<h2 class=\"elementor-heading-title elementor-size-default\">Haz tu Pedido Online<\/h2>\t\t\t\t<\/div>\n\t\t\t\t<\/div>\n\t\t\t\t<div class=\"elementor-element elementor-element-bfb8078 elementor-widget elementor-widget-heading\" data-id=\"bfb8078\" data-element_type=\"widget\" data-e-type=\"widget\" data-widget_type=\"heading.default\">\n\t\t\t\t<div class=\"elementor-widget-container\">\n\t\t\t\t\t<h2 class=\"elementor-heading-title elementor-size-default\">Passez votre commande pour qu'elle soit retir\u00e9e au magasin ou livr\u00e9e \u00e0 domicile et savourez le meilleur de la gastronomie basque l\u00e0 o\u00f9 vous le souhaitez.<\/h2>\t\t\t\t<\/div>\n\t\t\t\t<\/div>\n\t\t\t\t<div class=\"elementor-element elementor-element-89696d9 elementor-widget elementor-widget-candore-button\" data-id=\"89696d9\" data-element_type=\"widget\" data-e-type=\"widget\" data-widget_type=\"candore-button.default\">\n\t\t\t\t<div class=\"elementor-widget-container\">\n\t\t\t\t\t\t\t<div class=\"clear text-center\">\n\t\t<a href=\"https:\/\/baztangarbera.com\/haz-tu-pedido\/ \" target=\"_self\" class=\"button-1 \">Haz tu pedido<span><\/span><\/a>\n\t\t<\/div>\n\t\t\t\t\t\t<\/div>\n\t\t\t\t<\/div>\n\t\t\t\t\t<\/div>\n\t\t<\/div>\n\t\t\t\t\t<\/div>\n\t\t<\/section>\n\t\t\t\t<\/div>\n\t\t","protected":false},"excerpt":{"rendered":"<p>Donde estamos Contacto Vis\u00edtanos Baztan bar garbera Estamos En&#8230; El centro comercial de garbera en Donostia. Podr\u00e9is encontrarnos en la zona de hosteler\u00eda.\u00a0 REDES SOCIALES Pod\u00e9is Seguirnos En&#8230; Descubre Perla&#8230;<\/p>\n","protected":false},"author":1,"featured_media":0,"parent":0,"menu_order":0,"comment_status":"closed","ping_status":"closed","template":"","meta":{"_acf_changed":false,"footnotes":""},"class_list":["post-1541","page","type-page","status-publish","hentry"],"acf":[],"_links":{"self":[{"href":"https:\/\/baztangarbera.com\/fr\/wp-json\/wp\/v2\/pages\/1541","targetHints":{"allow":["GET"]}}],"collection":[{"href":"https:\/\/baztangarbera.com\/fr\/wp-json\/wp\/v2\/pages"}],"about":[{"href":"https:\/\/baztangarbera.com\/fr\/wp-json\/wp\/v2\/types\/page"}],"author":[{"embeddable":true,"href":"https:\/\/baztangarbera.com\/fr\/wp-json\/wp\/v2\/users\/1"}],"replies":[{"embeddable":true,"href":"https:\/\/baztangarbera.com\/fr\/wp-json\/wp\/v2\/comments?post=1541"}],"version-history":[{"count":7,"href":"https:\/\/baztangarbera.com\/fr\/wp-json\/wp\/v2\/pages\/1541\/revisions"}],"predecessor-version":[{"id":1773,"href":"https:\/\/baztangarbera.com\/fr\/wp-json\/wp\/v2\/pages\/1541\/revisions\/1773"}],"wp:attachment":[{"href":"https:\/\/baztangarbera.com\/fr\/wp-json\/wp\/v2\/media?parent=1541"}],"curies":[{"name":"wp","href":"https:\/\/api.w.org\/{rel}","templated":true}]}}