{"id":1492,"date":"2023-01-25T16:16:58","date_gmt":"2023-01-25T16:16:58","guid":{"rendered":"https:\/\/baztangarbera.com\/baztan\/"},"modified":"2023-11-20T11:12:04","modified_gmt":"2023-11-20T11:12:04","slug":"baztan","status":"publish","type":"page","link":"https:\/\/baztangarbera.com\/fr\/baztan\/","title":{"rendered":"Baztan"},"content":{"rendered":"\t\t<div data-elementor-type=\"wp-page\" data-elementor-id=\"1492\" class=\"elementor elementor-1492 elementor-237\" data-elementor-post-type=\"page\">\n\t\t\t\t\t\t<section class=\"elementor-section elementor-top-section elementor-element elementor-element-67a741b elementor-section-full_width elementor-section-height-default elementor-section-height-default wpr-particle-no wpr-jarallax-no wpr-parallax-no wpr-sticky-section-no\" data-id=\"67a741b\" data-element_type=\"section\" data-e-type=\"section\">\n\t\t\t\t\t\t<div class=\"elementor-container elementor-column-gap-no\">\n\t\t\t\t\t<div class=\"elementor-column elementor-col-100 elementor-top-column elementor-element elementor-element-b648f94\" data-id=\"b648f94\" data-element_type=\"column\" data-e-type=\"column\">\n\t\t\t<div class=\"elementor-widget-wrap elementor-element-populated\">\n\t\t\t\t\t\t<div class=\"elementor-element elementor-element-b1b7f80 elementor-widget elementor-widget-candore-banner-simple\" data-id=\"b1b7f80\" data-element_type=\"widget\" data-e-type=\"widget\" data-widget_type=\"candore-banner-simple.default\">\n\t\t\t\t<div class=\"elementor-widget-container\">\n\t\t\t\t\t\t\t\n\t\t\n\t\t<div class=\"banner-header valign bg-img bg-img-d-s bg-fixed\" data-overlay-dark=\"6\" data-background=\"https:\/\/baztangarbera.com\/wp-content\/uploads\/2023\/07\/Ziga_valle_de_Baztan_Luis_Otermin_Turismo_Navarra.jpg\">\n\t\t\t<div class=\"container\">\n\t\t\t\t<div class=\"row\">\n\t\t\t\t\t<div class=\"col-md-12 text-center caption mt-60\">\n\t\t\t\t\t\t\t\t\t\t\t\t\t<h5 class=\"cd-intro-title-h5\">Qui Sommes-Nous?<\/h5 >\n\t\t\t\t\t\t\t\t\t\t\t\t<h1 class=\"cd-intro-title-h1\">\n\t\t\t\t\t\t\t\t\t\t\t\t\tEl Baztan\t\t\t\t\t\t\t\t\t\t\t\t\t\t\t\t\t\t\t<span>Notre Histoire<\/span>\n\t\t\t\t\t\t\t\t\t\t\t\t<\/h1>\n\t\t\t\t\t\t\t\t\t\t\t<\/div>\n\t\t\t\t<\/div>\n\t\t\t<\/div>\n        <\/div>\t\t\n\n        \t\t\t\t<\/div>\n\t\t\t\t<\/div>\n\t\t\t\t\t<\/div>\n\t\t<\/div>\n\t\t\t\t\t<\/div>\n\t\t<\/section>\n\t\t\t\t<section class=\"elementor-section elementor-top-section elementor-element elementor-element-4bba73fc elementor-section-boxed elementor-section-height-default elementor-section-height-default wpr-particle-no wpr-jarallax-no wpr-parallax-no wpr-sticky-section-no\" data-id=\"4bba73fc\" data-element_type=\"section\" data-e-type=\"section\" id=\"test\">\n\t\t\t\t\t\t<div class=\"elementor-container elementor-column-gap-default\">\n\t\t\t\t\t<div class=\"elementor-column elementor-col-100 elementor-top-column elementor-element elementor-element-5b8a7a97\" data-id=\"5b8a7a97\" data-element_type=\"column\" data-e-type=\"column\">\n\t\t\t<div class=\"elementor-widget-wrap elementor-element-populated\">\n\t\t\t\t\t\t<div class=\"elementor-section elementor-inner-section elementor-element elementor-element-eb8a4f6 elementor-section-full_width elementor-section-height-default elementor-section-height-default wpr-particle-no wpr-jarallax-no wpr-parallax-no wpr-sticky-section-no\" data-id=\"eb8a4f6\" data-element_type=\"section\" data-e-type=\"section\">\n\t\t\t\t\t\t<div class=\"elementor-container elementor-column-gap-default\">\n\t\t\t\t\t<div class=\"elementor-column elementor-col-50 elementor-inner-column elementor-element elementor-element-2bd81d82\" data-id=\"2bd81d82\" data-element_type=\"column\" data-e-type=\"column\">\n\t\t\t<div class=\"elementor-widget-wrap elementor-element-populated\">\n\t\t\t\t\t\t<div class=\"elementor-element elementor-element-67f1e365 elementor-widget elementor-widget-candore-sec-title\" data-id=\"67f1e365\" data-element_type=\"widget\" data-e-type=\"widget\" data-widget_type=\"candore-sec-title.default\">\n\t\t\t\t<div class=\"elementor-widget-container\">\n\t\t\t\t\t\t\t<div class=\"section-head mb-0 text-left \">\n\t\t\t\t\t\t<h6 class=\"section-subtitle\">Conna\u00eetre Baztan<\/h6>\n\t\t\t\t\t\t            <h5 class=\"section-title\">La vall\u00e9e du Baztan<\/h5>\n\t\t\t\t\t\t\t\t\t\t\t<\/div>\n\t\t\t\t\t\t<\/div>\n\t\t\t\t<\/div>\n\t\t\t\t<div class=\"elementor-element elementor-element-5966cf35 elementor-widget elementor-widget-candore-text-block\" data-id=\"5966cf35\" data-element_type=\"widget\" data-e-type=\"widget\" data-widget_type=\"candore-text-block.default\">\n\t\t\t\t<div class=\"elementor-widget-container\">\n\t\t\t\t\t\t\t<div class=\" text-left  candore-text-block\">\r\n\t\t<p>La vall\u00e9e du Baztan, situ\u00e9e au nord de la Navarre et longeant le versant occidental de la cha\u00eene des Pyr\u00e9n\u00e9es, est largement reconnue pour son paysage idyllique et captivant. Cette vall\u00e9e se caract\u00e9rise par son manteau vert parsem\u00e9 de villages et de hameaux pittoresques qui se fondent harmonieusement dans la nature environnante.<\/p>\n\n<p>Outre son environnement luxuriant, la vall\u00e9e du Baztan est r\u00e9put\u00e9e pour son climat doux et agr\u00e9able, ce qui en fait une destination tr\u00e8s attrayante pour les visiteurs. La richesse de la gastronomie locale est un autre tr\u00e9sor qui attend les palais curieux, avec des saveurs authentiques et traditionnelles qui mettent en valeur la culture culinaire de la r\u00e9gion.<\/p>\n\n<p>Enfin, ce site historique et culturel a \u00e9t\u00e9 une enclave de grande importance au fil des si\u00e8cles. Ses racines plongent dans le pass\u00e9, ce qui se traduit par la pr\u00e9servation de son patrimoine et la v\u00e9n\u00e9ration de ses traditions ancestrales.<\/p>\n\n<p>En r\u00e9sum\u00e9, la vall\u00e9e du Baztan est un coin enchanteur qui allie nature, histoire et culture, et qui attire ceux qui cherchent \u00e0 vivre une exp\u00e9rience inoubliable dans ce beau coin de Navarre.<\/p>\t\t<\/div>\r\n        \t\t\t\t<\/div>\n\t\t\t\t<\/div>\n\t\t\t\t\t<\/div>\n\t\t<\/div>\n\t\t\t\t<div class=\"elementor-column elementor-col-50 elementor-inner-column elementor-element elementor-element-66837db2\" data-id=\"66837db2\" data-element_type=\"column\" data-e-type=\"column\">\n\t\t\t<div class=\"elementor-widget-wrap elementor-element-populated\">\n\t\t\t\t\t\t<div class=\"elementor-element elementor-element-66eef4d2 elementor-widget elementor-widget-image\" data-id=\"66eef4d2\" data-element_type=\"widget\" data-e-type=\"widget\" data-widget_type=\"image.default\">\n\t\t\t\t<div class=\"elementor-widget-container\">\n\t\t\t\t\t\t\t\t\t\t\t\t\t\t\t<img fetchpriority=\"high\" decoding=\"async\" width=\"2048\" height=\"1536\" src=\"https:\/\/baztangarbera.com\/wp-content\/uploads\/2023\/07\/baztan-elizondo.jpg\" class=\"attachment-full size-full wp-image-1298\" alt=\"\" srcset=\"https:\/\/baztangarbera.com\/wp-content\/uploads\/2023\/07\/baztan-elizondo.jpg 2048w, https:\/\/baztangarbera.com\/wp-content\/uploads\/2023\/07\/baztan-elizondo-300x225.jpg 300w, https:\/\/baztangarbera.com\/wp-content\/uploads\/2023\/07\/baztan-elizondo-1024x768.jpg 1024w, https:\/\/baztangarbera.com\/wp-content\/uploads\/2023\/07\/baztan-elizondo-768x576.jpg 768w, https:\/\/baztangarbera.com\/wp-content\/uploads\/2023\/07\/baztan-elizondo-1536x1152.jpg 1536w, https:\/\/baztangarbera.com\/wp-content\/uploads\/2023\/07\/baztan-elizondo-120x90.jpg 120w, https:\/\/baztangarbera.com\/wp-content\/uploads\/2023\/07\/baztan-elizondo-600x450.jpg 600w\" sizes=\"(max-width: 2048px) 100vw, 2048px\" \/>\t\t\t\t\t\t\t\t\t\t\t\t\t\t\t<\/div>\n\t\t\t\t<\/div>\n\t\t\t\t\t<\/div>\n\t\t<\/div>\n\t\t\t\t\t<\/div>\n\t\t<\/div>\n\t\t\t\t\t<\/div>\n\t\t<\/div>\n\t\t\t\t\t<\/div>\n\t\t<\/section>\n\t\t\t\t<section class=\"elementor-section elementor-top-section elementor-element elementor-element-3e33ffd4 elementor-section-boxed elementor-section-height-default elementor-section-height-default wpr-particle-no wpr-jarallax-no wpr-parallax-no wpr-sticky-section-no\" data-id=\"3e33ffd4\" data-element_type=\"section\" data-e-type=\"section\" data-settings=\"{&quot;background_background&quot;:&quot;classic&quot;}\">\n\t\t\t\t\t\t<div class=\"elementor-container elementor-column-gap-default\">\n\t\t\t\t\t<div class=\"elementor-column elementor-col-100 elementor-top-column elementor-element elementor-element-475eada9\" data-id=\"475eada9\" data-element_type=\"column\" data-e-type=\"column\">\n\t\t\t<div class=\"elementor-widget-wrap elementor-element-populated\">\n\t\t\t\t\t\t<section class=\"elementor-section elementor-inner-section elementor-element elementor-element-738f909 elementor-section-boxed elementor-section-height-default elementor-section-height-default wpr-particle-no wpr-jarallax-no wpr-parallax-no wpr-sticky-section-no\" data-id=\"738f909\" data-element_type=\"section\" data-e-type=\"section\">\n\t\t\t\t\t\t<div class=\"elementor-container elementor-column-gap-default\">\n\t\t\t\t\t<div class=\"elementor-column elementor-col-50 elementor-inner-column elementor-element elementor-element-6ce6ca0\" data-id=\"6ce6ca0\" data-element_type=\"column\" data-e-type=\"column\">\n\t\t\t<div class=\"elementor-widget-wrap elementor-element-populated\">\n\t\t\t\t\t\t<div class=\"elementor-element elementor-element-3bffd935 elementor-widget elementor-widget-image\" data-id=\"3bffd935\" data-element_type=\"widget\" data-e-type=\"widget\" data-widget_type=\"image.default\">\n\t\t\t\t<div class=\"elementor-widget-container\">\n\t\t\t\t\t\t\t\t\t\t\t\t\t\t\t<img decoding=\"async\" width=\"1707\" height=\"2560\" src=\"https:\/\/baztangarbera.com\/wp-content\/uploads\/2023\/07\/Baztan005-scaled.jpg\" class=\"attachment-full size-full wp-image-1244\" alt=\"\" srcset=\"https:\/\/baztangarbera.com\/wp-content\/uploads\/2023\/07\/Baztan005-scaled.jpg 1707w, https:\/\/baztangarbera.com\/wp-content\/uploads\/2023\/07\/Baztan005-200x300.jpg 200w, https:\/\/baztangarbera.com\/wp-content\/uploads\/2023\/07\/Baztan005-683x1024.jpg 683w, https:\/\/baztangarbera.com\/wp-content\/uploads\/2023\/07\/Baztan005-768x1152.jpg 768w, https:\/\/baztangarbera.com\/wp-content\/uploads\/2023\/07\/Baztan005-1024x1536.jpg 1024w, https:\/\/baztangarbera.com\/wp-content\/uploads\/2023\/07\/Baztan005-1365x2048.jpg 1365w, https:\/\/baztangarbera.com\/wp-content\/uploads\/2023\/07\/Baztan005-600x900.jpg 600w\" sizes=\"(max-width: 1707px) 100vw, 1707px\" \/>\t\t\t\t\t\t\t\t\t\t\t\t\t\t\t<\/div>\n\t\t\t\t<\/div>\n\t\t\t\t\t<\/div>\n\t\t<\/div>\n\t\t\t\t<div class=\"elementor-column elementor-col-50 elementor-inner-column elementor-element elementor-element-10ef5308\" data-id=\"10ef5308\" data-element_type=\"column\" data-e-type=\"column\">\n\t\t\t<div class=\"elementor-widget-wrap elementor-element-populated\">\n\t\t\t\t\t\t<div class=\"elementor-element elementor-element-322f3d9e elementor-widget elementor-widget-candore-sec-title\" data-id=\"322f3d9e\" data-element_type=\"widget\" data-e-type=\"widget\" data-widget_type=\"candore-sec-title.default\">\n\t\t\t\t<div class=\"elementor-widget-container\">\n\t\t\t\t\t\t\t<div class=\"section-head mb-0 text-left \">\n\t\t\t\t\t\t<h6 class=\"section-subtitle\">Saveurs du Baztan<\/h6>\n\t\t\t\t\t\t            <h5 class=\"section-title\">Histoire et Gastronomie<\/h5>\n\t\t\t\t\t\t\t\t\t\t\t<\/div>\n\t\t\t\t\t\t<\/div>\n\t\t\t\t<\/div>\n\t\t\t\t<div class=\"elementor-element elementor-element-51d1efbd elementor-widget elementor-widget-candore-text-block\" data-id=\"51d1efbd\" data-element_type=\"widget\" data-e-type=\"widget\" data-widget_type=\"candore-text-block.default\">\n\t\t\t\t<div class=\"elementor-widget-container\">\n\t\t\t\t\t\t\t<div class=\" text-left  candore-text-block\">\r\n\t\t<p>\u00c0 Baztan, nous nous inspirons du riche patrimoine culturel de la vall\u00e9e, en sauvant et en pr\u00e9servant des recettes s\u00e9culaires transmises de g\u00e9n\u00e9ration en g\u00e9n\u00e9ration dans notre vall\u00e9e. Chaque plat que nous servons porte la saveur authentique de la terre, de notre terre.<\/p><p>Dans notre restaurant, vous serez accueilli par une atmosph\u00e8re chaleureuse et accueillante qui refl\u00e8te l'essence de la vall\u00e9e du Baztan. Notre d\u00e9cor s'inspire de l'architecture locale traditionnelle, des fermes, et vous emm\u00e8nera dans un voyage \u00e0 travers le temps, o\u00f9 chaque recoin raconte une histoire.<\/p><p>Notre menu est soigneusement s\u00e9lectionn\u00e9 pour mettre en valeur les saveurs de la vall\u00e9e, en tirant parti des produits que la r\u00e9gion nous offre. Une fa\u00e7on authentique d'allier gastronomie et histoire, en cr\u00e9ant une exp\u00e9rience unique au c\u0153ur de la vall\u00e9e du Baztan.<\/p>\t\t<\/div>\r\n        \t\t\t\t<\/div>\n\t\t\t\t<\/div>\n\t\t\t\t\t<\/div>\n\t\t<\/div>\n\t\t\t\t\t<\/div>\n\t\t<\/section>\n\t\t\t\t\t<\/div>\n\t\t<\/div>\n\t\t\t\t\t<\/div>\n\t\t<\/section>\n\t\t\t\t<\/div>\n\t\t","protected":false},"excerpt":{"rendered":"<p>Qui Sommes-Nous? El Baztan Notre Histoire Conna\u00eetre Baztan La vall\u00e9e du Baztan La vall\u00e9e du Baztan, situ\u00e9e au nord de la Navarre et longeant le versant occidental de la cha\u00eene&#8230;<\/p>\n","protected":false},"author":1,"featured_media":0,"parent":0,"menu_order":0,"comment_status":"closed","ping_status":"closed","template":"","meta":{"_acf_changed":false,"footnotes":""},"class_list":["post-1492","page","type-page","status-publish","hentry"],"acf":[],"_links":{"self":[{"href":"https:\/\/baztangarbera.com\/fr\/wp-json\/wp\/v2\/pages\/1492","targetHints":{"allow":["GET"]}}],"collection":[{"href":"https:\/\/baztangarbera.com\/fr\/wp-json\/wp\/v2\/pages"}],"about":[{"href":"https:\/\/baztangarbera.com\/fr\/wp-json\/wp\/v2\/types\/page"}],"author":[{"embeddable":true,"href":"https:\/\/baztangarbera.com\/fr\/wp-json\/wp\/v2\/users\/1"}],"replies":[{"embeddable":true,"href":"https:\/\/baztangarbera.com\/fr\/wp-json\/wp\/v2\/comments?post=1492"}],"version-history":[{"count":5,"href":"https:\/\/baztangarbera.com\/fr\/wp-json\/wp\/v2\/pages\/1492\/revisions"}],"predecessor-version":[{"id":1497,"href":"https:\/\/baztangarbera.com\/fr\/wp-json\/wp\/v2\/pages\/1492\/revisions\/1497"}],"wp:attachment":[{"href":"https:\/\/baztangarbera.com\/fr\/wp-json\/wp\/v2\/media?parent=1492"}],"curies":[{"name":"wp","href":"https:\/\/api.w.org\/{rel}","templated":true}]}}